{"id":75041,"date":"2025-05-19T16:13:24","date_gmt":"2025-05-19T14:13:24","guid":{"rendered":"https:\/\/gaming-fest.fr\/gardanne\/?page_id=75041"},"modified":"2025-06-24T12:05:38","modified_gmt":"2025-06-24T10:05:38","slug":"billetterie","status":"publish","type":"page","link":"https:\/\/gaming-fest.fr\/gardanne\/billetterie\/","title":{"rendered":"Billetterie"},"content":{"rendered":"\t\t<div data-elementor-type=\"wp-page\" data-elementor-id=\"75041\" class=\"elementor elementor-75041\" data-elementor-post-type=\"page\">\n\t\t\t\t<div class=\"elementor-element elementor-element-272718e e-con-full e-flex e-con e-parent\" data-id=\"272718e\" data-element_type=\"container\" data-e-type=\"container\">\n\t\t<div class=\"elementor-element elementor-element-6e94809 e-con-full e-flex e-con e-child\" data-id=\"6e94809\" data-element_type=\"container\" data-e-type=\"container\">\n\t\t\t\t<div class=\"elementor-element elementor-element-3a7171f elementor-widget elementor-widget-heading\" data-id=\"3a7171f\" data-element_type=\"widget\" data-e-type=\"widget\" data-widget_type=\"heading.default\">\n\t\t\t\t<div class=\"elementor-widget-container\">\n\t\t\t\t\t<h2 class=\"elementor-heading-title elementor-size-default\">Pr\u00e9parez votre venue au Gardanne Gaming Fest<\/h2>\t\t\t\t<\/div>\n\t\t\t\t<\/div>\n\t\t\t\t<\/div>\n\t\t\t\t<div class=\"elementor-element elementor-element-204a350 elementor-widget-mobile__width-inherit elementor-widget elementor-widget-text-editor\" data-id=\"204a350\" data-element_type=\"widget\" data-e-type=\"widget\" data-widget_type=\"text-editor.default\">\n\t\t\t\t<div class=\"elementor-widget-container\">\n\t\t\t\t\t\t\t\t\t<p style=\"text-align: center;\">R\u00e9servez d\u00e8s maintenant vos billets pour participer \u00e0 la premi\u00e8re \u00e9dition du Gardanne Gaming Fest,<\/p><p style=\"text-align: center;\">les 15 et 16 novembre 2025 \u00e0 la Halle L\u00e9o Ferr\u00e9 de Gardanne.<\/p><p><span style=\"color: #dc943e;\"><strong><span style=\"text-decoration: underline;\">Horaires de l\u2019\u00e9v\u00e9nement :\u00a0<\/span><\/strong><\/span><\/p><ul><li style=\"font-weight: 400;\" aria-level=\"1\"><span style=\"font-weight: 400;\">Samedi (ouverture public) : 10h-19h.<\/span><ul><li style=\"font-weight: 400;\" aria-level=\"2\"><span style=\"font-weight: 400;\">Spectacle : 19h-22h30.<\/span><\/li><\/ul><\/li><li style=\"font-weight: 400;\" aria-level=\"1\"><span style=\"font-weight: 400;\">Dimanche (ouverture public) : 10h-19h.<\/span><\/li><\/ul><p><span style=\"color: #dc943e;\"><strong><span style=\"text-decoration: underline;\">Pourquoi r\u00e9server en ligne ?<\/span><\/strong><\/span><\/p><ul><li style=\"font-weight: 400;\" aria-level=\"1\"><span style=\"font-weight: 400;\">\u00c9vitez l\u2019attente \u00e0 l\u2019entr\u00e9e.<\/span><\/li><li style=\"font-weight: 400;\" aria-level=\"1\"><span style=\"font-weight: 400;\">Paiement s\u00e9curis\u00e9 via la plateforme Billetweb.<\/span><\/li><li style=\"font-weight: 400;\" aria-level=\"1\"><span style=\"font-weight: 400;\">Tarifs avantageux en pr\u00e9vente (pour les plus rapides).<\/span><\/li><li style=\"font-weight: 400;\" aria-level=\"1\"><span style=\"font-weight: 400;\">Billets valables sur Smartphone ou en version papier.<\/span><\/li><\/ul>\t\t\t\t\t\t\t\t<\/div>\n\t\t\t\t<\/div>\n\t\t\t\t<div class=\"elementor-element elementor-element-d9ac38a elementor-widget elementor-widget-heading\" data-id=\"d9ac38a\" data-element_type=\"widget\" data-e-type=\"widget\" data-widget_type=\"heading.default\">\n\t\t\t\t<div class=\"elementor-widget-container\">\n\t\t\t\t\t<h2 class=\"elementor-heading-title elementor-size-default\">La billetterie est ici<\/h2>\t\t\t\t<\/div>\n\t\t\t\t<\/div>\n\t\t\t\t<div class=\"elementor-element elementor-element-eaa5627 elementor-view-default elementor-widget elementor-widget-icon\" data-id=\"eaa5627\" data-element_type=\"widget\" data-e-type=\"widget\" data-widget_type=\"icon.default\">\n\t\t\t\t<div class=\"elementor-widget-container\">\n\t\t\t\t\t\t\t<div class=\"elementor-icon-wrapper\">\n\t\t\t<div class=\"elementor-icon\">\n\t\t\t<svg aria-hidden=\"true\" class=\"e-font-icon-svg e-fas-arrow-alt-circle-down\" viewBox=\"0 0 512 512\" xmlns=\"http:\/\/www.w3.org\/2000\/svg\"><path d=\"M504 256c0 137-111 248-248 248S8 393 8 256 119 8 256 8s248 111 248 248zM212 140v116h-70.9c-10.7 0-16.1 13-8.5 20.5l114.9 114.3c4.7 4.7 12.2 4.7 16.9 0l114.9-114.3c7.6-7.6 2.2-20.5-8.5-20.5H300V140c0-6.6-5.4-12-12-12h-64c-6.6 0-12 5.4-12 12z\"><\/path><\/svg>\t\t\t<\/div>\n\t\t<\/div>\n\t\t\t\t\t\t<\/div>\n\t\t\t\t<\/div>\n\t\t\t\t<div class=\"elementor-element elementor-element-345f05ac elementor-widget elementor-widget-text-editor\" data-id=\"345f05ac\" data-element_type=\"widget\" data-e-type=\"widget\" data-widget_type=\"text-editor.default\">\n\t\t\t\t<div class=\"elementor-widget-container\">\n\t\t\t\t\t\t\t\t\t<a title=\"Vente de billets en ligne\" href=\"https:\/\/www.billetweb.fr\/shop.php?event=gardanne-gaming-fest-2025\" class=\"shop_frame\" target=\"_blank\" data-src=\"https:\/\/www.billetweb.fr\/shop.php?event=gardanne-gaming-fest-2025\" data-max-width=\"100%\" data-initial-height=\"600\" data-scrolling=\"no\" data-id=\"gardanne-gaming-fest-2025\" data-resize=\"1\">Vente de billets en ligne<\/a><script type=\"text\/javascript\" src=\"https:\/\/www.billetweb.fr\/js\/export.js\"><\/script>\t\t\t\t\t\t\t\t<\/div>\n\t\t\t\t<\/div>\n\t\t\t\t<\/div>\n\t\t\t\t<\/div>\n\t\t","protected":false},"excerpt":{"rendered":"<p>Pr\u00e9parez votre venue au Gardanne Gaming Fest R\u00e9servez d\u00e8s maintenant vos billets pour participer \u00e0 la premi\u00e8re \u00e9dition du Gardanne Gaming Fest, les 15 et 16 novembre 2025 \u00e0 la Halle L\u00e9o Ferr\u00e9 de Gardanne. Horaires de l\u2019\u00e9v\u00e9nement :\u00a0 Samedi (ouverture public) : 10h-19h. Spectacle : 19h-22h30. Dimanche (ouverture public) : 10h-19h. Pourquoi r\u00e9server en [&hellip;]<\/p>\n","protected":false},"author":1,"featured_media":0,"parent":0,"menu_order":0,"comment_status":"closed","ping_status":"closed","template":"","meta":{"footnotes":""},"class_list":["post-75041","page","type-page","status-publish","hentry"],"_links":{"self":[{"href":"https:\/\/gaming-fest.fr\/gardanne\/wp-json\/wp\/v2\/pages\/75041","targetHints":{"allow":["GET"]}}],"collection":[{"href":"https:\/\/gaming-fest.fr\/gardanne\/wp-json\/wp\/v2\/pages"}],"about":[{"href":"https:\/\/gaming-fest.fr\/gardanne\/wp-json\/wp\/v2\/types\/page"}],"author":[{"embeddable":true,"href":"https:\/\/gaming-fest.fr\/gardanne\/wp-json\/wp\/v2\/users\/1"}],"replies":[{"embeddable":true,"href":"https:\/\/gaming-fest.fr\/gardanne\/wp-json\/wp\/v2\/comments?post=75041"}],"version-history":[{"count":16,"href":"https:\/\/gaming-fest.fr\/gardanne\/wp-json\/wp\/v2\/pages\/75041\/revisions"}],"predecessor-version":[{"id":75124,"href":"https:\/\/gaming-fest.fr\/gardanne\/wp-json\/wp\/v2\/pages\/75041\/revisions\/75124"}],"wp:attachment":[{"href":"https:\/\/gaming-fest.fr\/gardanne\/wp-json\/wp\/v2\/media?parent=75041"}],"curies":[{"name":"wp","href":"https:\/\/api.w.org\/{rel}","templated":true}]}}